{"id":2251,"date":"2025-05-15T06:38:25","date_gmt":"2025-05-15T06:38:25","guid":{"rendered":"https:\/\/questbayshore.com\/politica-de-privacidad\/"},"modified":"2025-12-19T14:36:43","modified_gmt":"2025-12-19T14:36:43","slug":"politica-de-privacidad","status":"publish","type":"page","link":"https:\/\/questbayshore.com\/es\/politica-de-privacidad\/","title":{"rendered":"pol\u00edtica de privacidad"},"content":{"rendered":"<style>.kb-row-layout-wrap.wp-block-kadence-rowlayout.kb-row-layout-id2251_14207a-f5{margin-top:0px;margin-bottom:0px;}.kb-row-layout-id2251_14207a-f5 > .kt-row-column-wrap{align-content:start;}:where(.kb-row-layout-id2251_14207a-f5 > .kt-row-column-wrap) > .wp-block-kadence-column{justify-content:start;}.kb-row-layout-id2251_14207a-f5 > .kt-row-column-wrap{column-gap:var(--global-kb-gap-md, 2rem);row-gap:var(--global-kb-gap-none, 0rem );max-width:var( --global-content-width, 1290px );padding-left:var(--global-content-edge-padding);padding-right:var(--global-content-edge-padding);padding-top:80px;padding-right:0px;padding-bottom:80px;padding-left:0px;grid-template-columns:minmax(0, 1fr);}.kb-row-layout-id2251_14207a-f5 > .kt-row-layout-overlay{opacity:0.30;}@media all and (max-width: 1024px){.kb-row-layout-id2251_14207a-f5 > .kt-row-column-wrap{grid-template-columns:minmax(0, 1fr);}}@media all and (max-width: 767px){.kb-row-layout-id2251_14207a-f5 > .kt-row-column-wrap{grid-template-columns:minmax(0, 1fr);}}<\/style><div class=\"kb-row-layout-wrap kb-row-layout-id2251_14207a-f5 alignnone has-theme-palette1-background-color kt-row-has-bg wp-block-kadence-rowlayout\"><div class=\"kt-row-column-wrap kt-has-1-columns kt-row-layout-equal kt-tab-layout-inherit kt-mobile-layout-row kt-row-valign-top kb-theme-content-width\">\n<style>.kadence-column2251_e2474b-20 > .kt-inside-inner-col,.kadence-column2251_e2474b-20 > .kt-inside-inner-col:before{border-top-left-radius:0px;border-top-right-radius:0px;border-bottom-right-radius:0px;border-bottom-left-radius:0px;}.kadence-column2251_e2474b-20 > .kt-inside-inner-col{column-gap:var(--global-kb-gap-sm, 1rem);}.kadence-column2251_e2474b-20 > .kt-inside-inner-col{flex-direction:column;}.kadence-column2251_e2474b-20 > .kt-inside-inner-col > .aligncenter{width:100%;}.kadence-column2251_e2474b-20 > .kt-inside-inner-col:before{opacity:0.3;}.kadence-column2251_e2474b-20{position:relative;}@media all and (max-width: 1024px){.kadence-column2251_e2474b-20 > .kt-inside-inner-col{flex-direction:column;justify-content:center;}}@media all and (max-width: 767px){.kadence-column2251_e2474b-20 > .kt-inside-inner-col{flex-direction:column;justify-content:center;}}<\/style>\n<div class=\"wp-block-kadence-column kadence-column2251_e2474b-20\"><div class=\"kt-inside-inner-col\"><style>.wp-block-kadence-advancedheading.kt-adv-heading2251_47d22b-1f, .wp-block-kadence-advancedheading.kt-adv-heading2251_47d22b-1f[data-kb-block=\"kb-adv-heading2251_47d22b-1f\"]{text-align:center;font-size:var(--global-kb-font-size-xl, 3rem);font-style:normal;}.wp-block-kadence-advancedheading.kt-adv-heading2251_47d22b-1f mark.kt-highlight, .wp-block-kadence-advancedheading.kt-adv-heading2251_47d22b-1f[data-kb-block=\"kb-adv-heading2251_47d22b-1f\"] mark.kt-highlight{font-style:normal;color:#f76a0c;-webkit-box-decoration-break:clone;box-decoration-break:clone;padding-top:0px;padding-right:0px;padding-bottom:0px;padding-left:0px;}.wp-block-kadence-advancedheading.kt-adv-heading2251_47d22b-1f img.kb-inline-image, .wp-block-kadence-advancedheading.kt-adv-heading2251_47d22b-1f[data-kb-block=\"kb-adv-heading2251_47d22b-1f\"] img.kb-inline-image{width:150px;vertical-align:baseline;}<\/style>\n<h1 class=\"kt-adv-heading2251_47d22b-1f wp-block-kadence-advancedheading has-theme-palette-9-color has-text-color\" data-kb-block=\"kb-adv-heading2251_47d22b-1f\">pol\u00edtica de privacidad<\/h1>\n<\/div><\/div>\n\n<\/div><\/div>\n\n<style>.kb-row-layout-id2251_9809be-60 > .kt-row-column-wrap{align-content:start;}:where(.kb-row-layout-id2251_9809be-60 > .kt-row-column-wrap) > .wp-block-kadence-column{justify-content:start;}.kb-row-layout-id2251_9809be-60 > .kt-row-column-wrap{column-gap:var(--global-kb-gap-md, 2rem);row-gap:var(--global-kb-gap-md, 2rem);max-width:var( --global-content-width, 1290px );padding-left:var(--global-content-edge-padding);padding-right:var(--global-content-edge-padding);padding-top:var(--global-kb-spacing-sm, 1.5rem);padding-bottom:var(--global-kb-spacing-sm, 1.5rem);grid-template-columns:minmax(0, 1fr);}.kb-row-layout-id2251_9809be-60 > .kt-row-layout-overlay{opacity:0.30;}@media all and (max-width: 1024px){.kb-row-layout-id2251_9809be-60 > .kt-row-column-wrap{grid-template-columns:minmax(0, 1fr);}}@media all and (max-width: 767px){.kb-row-layout-id2251_9809be-60 > .kt-row-column-wrap{grid-template-columns:minmax(0, 1fr);}}<\/style><div class=\"kb-row-layout-wrap kb-row-layout-id2251_9809be-60 alignnone wp-block-kadence-rowlayout\"><div class=\"kt-row-column-wrap kt-has-1-columns kt-row-layout-equal kt-tab-layout-inherit kt-mobile-layout-row kt-row-valign-top kb-theme-content-width\">\n<style>.kadence-column2251_d332ad-12 > .kt-inside-inner-col,.kadence-column2251_d332ad-12 > .kt-inside-inner-col:before{border-top-left-radius:0px;border-top-right-radius:0px;border-bottom-right-radius:0px;border-bottom-left-radius:0px;}.kadence-column2251_d332ad-12 > .kt-inside-inner-col{column-gap:var(--global-kb-gap-sm, 1rem);}.kadence-column2251_d332ad-12 > .kt-inside-inner-col{flex-direction:column;}.kadence-column2251_d332ad-12 > .kt-inside-inner-col > .aligncenter{width:100%;}.kadence-column2251_d332ad-12 > .kt-inside-inner-col:before{opacity:0.3;}.kadence-column2251_d332ad-12{position:relative;}@media all and (max-width: 1024px){.kadence-column2251_d332ad-12 > .kt-inside-inner-col{flex-direction:column;justify-content:center;}}@media all and (max-width: 767px){.kadence-column2251_d332ad-12 > .kt-inside-inner-col{flex-direction:column;justify-content:center;}}<\/style>\n<div class=\"wp-block-kadence-column kadence-column2251_d332ad-12\"><div class=\"kt-inside-inner-col\">\n<p>En Quest Medical Care, su privacidad es importante para nosotros.<br>Esta Pol\u00edtica de Privacidad describe c\u00f3mo recopilamos, usamos, divulgamos y protegemos su informaci\u00f3n personal y de salud, de conformidad con las leyes federales y estatales aplicables, incluida la Ley de Portabilidad y Responsabilidad del Seguro M\u00e9dico (HIPAA).<\/p>\n\n\n\n<h3 class=\"wp-block-heading\">1. Informaci\u00f3n que recopilamos<\/h3>\n\n\n\n<p>Podemos recopilar los siguientes tipos de informaci\u00f3n:<\/p>\n\n\n\n<ul class=\"wp-block-list\">\n<li>Informaci\u00f3n personal (p. ej., nombre, direcci\u00f3n, n\u00famero de tel\u00e9fono, correo electr\u00f3nico)<\/li>\n\n\n\n<li>Informaci\u00f3n personal (p. ej., nombre, direcci\u00f3n, n\u00famero de tel\u00e9fono, correo electr\u00f3nico)<\/li>\n\n\n\n<li>Insurance Information (e.g., provider details, policy numbers)<\/li>\n\n\n\n<li>Datos de uso del sitio web (p. ej., direcci\u00f3n IP, tipo de navegador, interacci\u00f3n con nuestro sitio)<\/li>\n<\/ul>\n\n\n\n<h3 class=\"wp-block-heading\">2.C\u00f3mo usamos su informaci\u00f3n<\/h3>\n\n\n\n<p>Usamos su informaci\u00f3n para:<\/p>\n\n\n\n<ul class=\"wp-block-list\">\n<li>Brindar y gestionar su atenci\u00f3n m\u00e9dica<\/li>\n\n\n\n<li>Programar citas y gestionar la facturaci\u00f3n<\/li>\n\n\n\n<li>Comunicarnos con usted con respecto a su salud<\/li>\n\n\n\n<li>Cumplir con los requisitos legales y reglamentarios<\/li>\n\n\n\n<li>Mejorar nuestros servicios y la experiencia de nuestro sitio web<\/li>\n<\/ul>\n\n\n\n<h3 class=\"wp-block-heading\">3. C\u00f3mo compartimos su informaci\u00f3n<\/h3>\n\n\n\n<p>Podemos compartir su informaci\u00f3n con:<\/p>\n\n\n\n<ul class=\"wp-block-list\">\n<li>Otros proveedores de atenci\u00f3n m\u00e9dica involucrados en su atenci\u00f3n<\/li>\n\n\n\n<li>Compa\u00f1\u00edas de seguros para la facturaci\u00f3n y el procesamiento de reclamaciones<\/li>\n\n\n\n<li>Proveedores externos autorizados (por ejemplo, servicios de laboratorio, proveedores de sistemas de registros m\u00e9dicos electr\u00f3nicos)<\/li>\n\n\n\n<li>Agencias gubernamentales o reguladoras seg\u00fan lo exija la ley<\/li>\n<\/ul>\n\n\n\n<p>No vendemos ni alquilamos su informaci\u00f3n personal o de salud a ning\u00fan tercero.<\/p>\n\n\n\n<h3 class=\"wp-block-heading\">Sus derechos<\/h3>\n\n\n\n<p>Usted tiene derecho a:<\/p>\n\n\n\n<ul class=\"wp-block-list\">\n<li>Acceder a sus expedientes de salud y solicitar copias de los mismos<\/li>\n\n\n\n<li>Solicitar correcciones a su informaci\u00f3n m\u00e9dica<\/li>\n\n\n\n<li>Solicitar una lista de ciertas divulgaciones de su informaci\u00f3n<\/li>\n\n\n\n<li>Request restrictions on how we use or share your information<\/li>\n\n\n\n<li>Recibir comunicaciones confidenciales (p. ej., a trav\u00e9s de un tel\u00e9fono o direcci\u00f3n diferentes)<\/li>\n<\/ul>\n\n\n\n<p>Para ejercer estos derechos, por favor cont\u00e1ctenos en [Insertar informaci\u00f3n de contacto].<\/p>\n\n\n\n<h3 class=\"wp-block-heading\">5. Seguridad de los datos<\/h3>\n\n\n\n<p>Utilizamos medidas de protecci\u00f3n administrativas, t\u00e9cnicas y f\u00edsicas est\u00e1ndar de la industria para proteger su informaci\u00f3n. Si bien ning\u00fan sistema es 100% seguro, estamos comprometidos a mantener su confidencialidad. <\/p>\n\n\n\n<h3 class=\"wp-block-heading\">6. Privacidad del sitio web<\/h3>\n\n\n\n<p>Nuestro sitio web puede recopilar informaci\u00f3n limitada mediante cookies o herramientas de an\u00e1lisis para mejorar la experiencia del usuario. No utilizamos esta informaci\u00f3n para identificar personalmente a los visitantes. <\/p>\n\n\n\n<h3 class=\"wp-block-heading\">7. Updates to This Policy<\/h3>\n\n\n\n<p>Podemos actualizar esta Pol\u00edtica de Privacidad de vez en cuando. Cualquier cambio se publicar\u00e1 en esta p\u00e1gina con una fecha de revisi\u00f3n actualizada. <\/p>\n\n\n\n<p>Para preguntas sobre esta pol\u00edtica o su informaci\u00f3n, por favor comun\u00edquese con:<\/p>\n<\/div><\/div>\n\n\n<style>.kadence-column2251_c7fda9-4f > .kt-inside-inner-col{padding-left:0px;}.kadence-column2251_c7fda9-4f > .kt-inside-inner-col,.kadence-column2251_c7fda9-4f > .kt-inside-inner-col:before{border-top-left-radius:0px;border-top-right-radius:0px;border-bottom-right-radius:0px;border-bottom-left-radius:0px;}.kadence-column2251_c7fda9-4f > .kt-inside-inner-col{column-gap:var(--global-kb-gap-sm, 1rem);}.kadence-column2251_c7fda9-4f > .kt-inside-inner-col{flex-direction:column;}.kadence-column2251_c7fda9-4f > .kt-inside-inner-col > .aligncenter{width:100%;}.kadence-column2251_c7fda9-4f > .kt-inside-inner-col:before{opacity:0.3;}.kadence-column2251_c7fda9-4f{position:relative;}@media all and (max-width: 1024px){.kadence-column2251_c7fda9-4f > .kt-inside-inner-col{flex-direction:column;justify-content:center;}}@media all and (max-width: 767px){.kadence-column2251_c7fda9-4f > .kt-inside-inner-col{flex-direction:column;justify-content:center;}}<\/style>\n<div class=\"wp-block-kadence-column kadence-column2251_c7fda9-4f\"><div class=\"kt-inside-inner-col\"><style>.wp-block-kadence-advancedheading.kt-adv-heading2251_256700-e0, .wp-block-kadence-advancedheading.kt-adv-heading2251_256700-e0[data-kb-block=\"kb-adv-heading2251_256700-e0\"]{font-size:var(--global-kb-font-size-lg, 2rem);font-weight:500;font-style:normal;font-family:Roboto;}.wp-block-kadence-advancedheading.kt-adv-heading2251_256700-e0 mark.kt-highlight, .wp-block-kadence-advancedheading.kt-adv-heading2251_256700-e0[data-kb-block=\"kb-adv-heading2251_256700-e0\"] mark.kt-highlight{font-style:normal;color:#f76a0c;-webkit-box-decoration-break:clone;box-decoration-break:clone;padding-top:0px;padding-right:0px;padding-bottom:0px;padding-left:0px;}.wp-block-kadence-advancedheading.kt-adv-heading2251_256700-e0 img.kb-inline-image, .wp-block-kadence-advancedheading.kt-adv-heading2251_256700-e0[data-kb-block=\"kb-adv-heading2251_256700-e0\"] img.kb-inline-image{width:150px;vertical-align:baseline;}@media all and (max-width: 767px){.wp-block-kadence-advancedheading.kt-adv-heading2251_256700-e0, .wp-block-kadence-advancedheading.kt-adv-heading2251_256700-e0[data-kb-block=\"kb-adv-heading2251_256700-e0\"]{font-size:var(--global-kb-font-size-md, 1.25rem);}}<\/style>\n<p class=\"kt-adv-heading2251_256700-e0 wp-block-kadence-advancedheading has-theme-palette-3-color has-text-color\" data-kb-block=\"kb-adv-heading2251_256700-e0\">Informaci\u00f3n de contacto<\/p>\n\n\n<style>.wp-block-kadence-advancedheading.kt-adv-heading2251_fe678a-7d, .wp-block-kadence-advancedheading.kt-adv-heading2251_fe678a-7d[data-kb-block=\"kb-adv-heading2251_fe678a-7d\"]{padding-top:0px;padding-right:0px;padding-bottom:0px;padding-left:0px;margin-top:0px;margin-right:0px;margin-bottom:var(--global-kb-spacing-xs, 1rem);margin-left:0px;font-style:normal;}.wp-block-kadence-advancedheading.kt-adv-heading2251_fe678a-7d[data-kb-block=\"kb-adv-heading2251_fe678a-7d\"]{display:flex;gap:0.25em;align-items:start;}.wp-block-kadence-advancedheading.kt-adv-heading2251_fe678a-7d[data-kb-block=\"kb-adv-heading2251_fe678a-7d\"] .kb-adv-heading-icon svg{width:1em;height:1em;}.wp-block-kadence-advancedheading.kt-adv-heading2251_fe678a-7d[data-kb-block=\"kb-adv-heading2251_fe678a-7d\"] .kb-adv-heading-icon{color:var(--global-palette1, #3182CE);font-size:20px;padding-left:0px;}.wp-block-kadence-advancedheading.kt-adv-heading2251_fe678a-7d[data-kb-block=\"kb-adv-heading2251_fe678a-7d\"]:hover .kb-adv-heading-icon{color:var(--global-palette1, #3182CE);}.wp-block-kadence-advancedheading.kt-adv-heading2251_fe678a-7d mark.kt-highlight, .wp-block-kadence-advancedheading.kt-adv-heading2251_fe678a-7d[data-kb-block=\"kb-adv-heading2251_fe678a-7d\"] mark.kt-highlight{font-style:normal;color:#f76a0c;-webkit-box-decoration-break:clone;box-decoration-break:clone;padding-top:0px;padding-right:0px;padding-bottom:0px;padding-left:0px;}.wp-block-kadence-advancedheading.kt-adv-heading2251_fe678a-7d img.kb-inline-image, .wp-block-kadence-advancedheading.kt-adv-heading2251_fe678a-7d[data-kb-block=\"kb-adv-heading2251_fe678a-7d\"] img.kb-inline-image{width:150px;vertical-align:baseline;}.wp-block-kadence-advancedheading.kt-adv-heading2251_fe678a-7d[data-kb-block=\"kb-adv-heading2251_fe678a-7d\"] a, .kt-adv-heading-link2251_fe678a-7d, .kt-adv-heading-link2251_fe678a-7d .kt-adv-heading2251_fe678a-7d[data-kb-block=\"kb-adv-heading2251_fe678a-7d\"]{color:var(--global-palette3, #1A202C);}.wp-block-kadence-advancedheading.kt-adv-heading2251_fe678a-7d[data-kb-block=\"kb-adv-heading2251_fe678a-7d\"] a:hover, .kt-adv-heading-link2251_fe678a-7d:hover, .kt-adv-heading-link2251_fe678a-7d:hover .kt-adv-heading2251_fe678a-7d[data-kb-block=\"kb-adv-heading2251_fe678a-7d\"]{color:var(--global-palette3, #1A202C);}.wp-block-kadence-advancedheading.kt-adv-heading2251_fe678a-7d[data-kb-block=\"kb-adv-heading2251_fe678a-7d\"] a, a.kb-advanced-heading-link.kt-adv-heading-link2251_fe678a-7d{text-decoration:none;}<\/style><p class=\"kt-adv-heading2251_fe678a-7d wp-block-kadence-advancedheading kt-adv-heading-has-icon has-theme-palette3-color has-text-color\" data-kb-block=\"kb-adv-heading2251_fe678a-7d\"><span class=\"kb-svg-icon-wrap kb-adv-heading-icon kb-svg-icon-fe_mapPin kb-adv-heading-icon-side-left\"><svg viewBox=\"0 0 24 24\"  fill=\"none\" stroke=\"currentColor\" stroke-width=\"2\" stroke-linecap=\"round\" stroke-linejoin=\"round\" xmlns=\"http:\/\/www.w3.org\/2000\/svg\"  aria-hidden=\"true\"><path d=\"M21 10c0 7-9 13-9 13s-9-6-9-13a9 9 0 0 1 18 0z\"\/><circle cx=\"12\" cy=\"10\" r=\"3\"\/><\/svg><\/span><span class=\"kb-adv-text-inner\"> <a href=\"https:\/\/maps.app.goo.gl\/64nQnZNh5Dt7yN2W8\" data-type=\"link\" data-id=\"https:\/\/maps.app.goo.gl\/64nQnZNh5Dt7yN2W8\" rel=\"nofollow noopener\" target=\"_blank\">8 Maple Ave, Bay Shore,<br>NY 11706, United States<\/a><\/span><\/p>\n\n<style>.wp-block-kadence-advancedheading.kt-adv-heading2251_5a1bad-ac, .wp-block-kadence-advancedheading.kt-adv-heading2251_5a1bad-ac[data-kb-block=\"kb-adv-heading2251_5a1bad-ac\"]{padding-top:0px;padding-right:0px;padding-bottom:0px;padding-left:0px;margin-top:0px;margin-right:0px;margin-bottom:var(--global-kb-spacing-xs, 1rem);margin-left:0px;font-style:normal;}.wp-block-kadence-advancedheading.kt-adv-heading2251_5a1bad-ac[data-kb-block=\"kb-adv-heading2251_5a1bad-ac\"]{display:flex;gap:0.25em;align-items:start;}.wp-block-kadence-advancedheading.kt-adv-heading2251_5a1bad-ac[data-kb-block=\"kb-adv-heading2251_5a1bad-ac\"] .kb-adv-heading-icon svg{width:1em;height:1em;}.wp-block-kadence-advancedheading.kt-adv-heading2251_5a1bad-ac[data-kb-block=\"kb-adv-heading2251_5a1bad-ac\"] .kb-adv-heading-icon{color:var(--global-palette1, #3182CE);font-size:20px;padding-left:0px;}.wp-block-kadence-advancedheading.kt-adv-heading2251_5a1bad-ac[data-kb-block=\"kb-adv-heading2251_5a1bad-ac\"]:hover .kb-adv-heading-icon{color:var(--global-palette1, #3182CE);}.wp-block-kadence-advancedheading.kt-adv-heading2251_5a1bad-ac mark.kt-highlight, .wp-block-kadence-advancedheading.kt-adv-heading2251_5a1bad-ac[data-kb-block=\"kb-adv-heading2251_5a1bad-ac\"] mark.kt-highlight{font-style:normal;color:#f76a0c;-webkit-box-decoration-break:clone;box-decoration-break:clone;padding-top:0px;padding-right:0px;padding-bottom:0px;padding-left:0px;}.wp-block-kadence-advancedheading.kt-adv-heading2251_5a1bad-ac img.kb-inline-image, .wp-block-kadence-advancedheading.kt-adv-heading2251_5a1bad-ac[data-kb-block=\"kb-adv-heading2251_5a1bad-ac\"] img.kb-inline-image{width:150px;vertical-align:baseline;}.wp-block-kadence-advancedheading.kt-adv-heading2251_5a1bad-ac[data-kb-block=\"kb-adv-heading2251_5a1bad-ac\"] a, .kt-adv-heading-link2251_5a1bad-ac, .kt-adv-heading-link2251_5a1bad-ac .kt-adv-heading2251_5a1bad-ac[data-kb-block=\"kb-adv-heading2251_5a1bad-ac\"]{color:var(--global-palette3, #1A202C);}.wp-block-kadence-advancedheading.kt-adv-heading2251_5a1bad-ac[data-kb-block=\"kb-adv-heading2251_5a1bad-ac\"] a:hover, .kt-adv-heading-link2251_5a1bad-ac:hover, .kt-adv-heading-link2251_5a1bad-ac:hover .kt-adv-heading2251_5a1bad-ac[data-kb-block=\"kb-adv-heading2251_5a1bad-ac\"]{color:var(--global-palette3, #1A202C);}.wp-block-kadence-advancedheading.kt-adv-heading2251_5a1bad-ac[data-kb-block=\"kb-adv-heading2251_5a1bad-ac\"] a, a.kb-advanced-heading-link.kt-adv-heading-link2251_5a1bad-ac{text-decoration:none;}<\/style><p class=\"kt-adv-heading2251_5a1bad-ac wp-block-kadence-advancedheading kt-adv-heading-has-icon has-theme-palette3-color has-text-color\" data-kb-block=\"kb-adv-heading2251_5a1bad-ac\"><span class=\"kb-svg-icon-wrap kb-adv-heading-icon kb-svg-icon-fe_mail kb-adv-heading-icon-side-left\"><svg viewBox=\"0 0 24 24\"  fill=\"none\" stroke=\"currentColor\" stroke-width=\"2\" stroke-linecap=\"round\" stroke-linejoin=\"round\" xmlns=\"http:\/\/www.w3.org\/2000\/svg\"  aria-hidden=\"true\"><path d=\"M4 4h16c1.1 0 2 .9 2 2v12c0 1.1-.9 2-2 2H4c-1.1 0-2-.9-2-2V6c0-1.1.9-2 2-2z\"\/><polyline points=\"22,6 12,13 2,6\"\/><\/svg><\/span><span class=\"kb-adv-text-inner\"><a href=\"#\">  info@questbayshore.com<\/a><\/span><\/p>\n\n<style>.wp-block-kadence-advancedheading.kt-adv-heading2251_39f244-81, .wp-block-kadence-advancedheading.kt-adv-heading2251_39f244-81[data-kb-block=\"kb-adv-heading2251_39f244-81\"]{padding-top:0px;padding-right:0px;padding-bottom:0px;padding-left:0px;margin-top:0px;margin-right:0px;margin-bottom:var(--global-kb-spacing-xs, 1rem);margin-left:0px;font-style:normal;}.wp-block-kadence-advancedheading.kt-adv-heading2251_39f244-81[data-kb-block=\"kb-adv-heading2251_39f244-81\"]{display:flex;gap:0.25em;align-items:start;}.wp-block-kadence-advancedheading.kt-adv-heading2251_39f244-81[data-kb-block=\"kb-adv-heading2251_39f244-81\"] .kb-adv-heading-icon svg{width:1em;height:1em;}.wp-block-kadence-advancedheading.kt-adv-heading2251_39f244-81[data-kb-block=\"kb-adv-heading2251_39f244-81\"] .kb-adv-heading-icon{color:var(--global-palette1, #3182CE);font-size:20px;padding-left:0px;}.wp-block-kadence-advancedheading.kt-adv-heading2251_39f244-81[data-kb-block=\"kb-adv-heading2251_39f244-81\"]:hover .kb-adv-heading-icon{color:var(--global-palette1, #3182CE);}.wp-block-kadence-advancedheading.kt-adv-heading2251_39f244-81 mark.kt-highlight, .wp-block-kadence-advancedheading.kt-adv-heading2251_39f244-81[data-kb-block=\"kb-adv-heading2251_39f244-81\"] mark.kt-highlight{font-style:normal;color:#f76a0c;-webkit-box-decoration-break:clone;box-decoration-break:clone;padding-top:0px;padding-right:0px;padding-bottom:0px;padding-left:0px;}.wp-block-kadence-advancedheading.kt-adv-heading2251_39f244-81 img.kb-inline-image, .wp-block-kadence-advancedheading.kt-adv-heading2251_39f244-81[data-kb-block=\"kb-adv-heading2251_39f244-81\"] img.kb-inline-image{width:150px;vertical-align:baseline;}.wp-block-kadence-advancedheading.kt-adv-heading2251_39f244-81[data-kb-block=\"kb-adv-heading2251_39f244-81\"] a, .kt-adv-heading-link2251_39f244-81, .kt-adv-heading-link2251_39f244-81 .kt-adv-heading2251_39f244-81[data-kb-block=\"kb-adv-heading2251_39f244-81\"]{color:var(--global-palette3, #1A202C);}.wp-block-kadence-advancedheading.kt-adv-heading2251_39f244-81[data-kb-block=\"kb-adv-heading2251_39f244-81\"] a:hover, .kt-adv-heading-link2251_39f244-81:hover, .kt-adv-heading-link2251_39f244-81:hover .kt-adv-heading2251_39f244-81[data-kb-block=\"kb-adv-heading2251_39f244-81\"]{color:var(--global-palette3, #1A202C);}.wp-block-kadence-advancedheading.kt-adv-heading2251_39f244-81[data-kb-block=\"kb-adv-heading2251_39f244-81\"] a, a.kb-advanced-heading-link.kt-adv-heading-link2251_39f244-81{text-decoration:none;}<\/style><p class=\"kt-adv-heading2251_39f244-81 wp-block-kadence-advancedheading kt-adv-heading-has-icon has-theme-palette3-color has-text-color\" data-kb-block=\"kb-adv-heading2251_39f244-81\"><span class=\"kb-svg-icon-wrap kb-adv-heading-icon kb-svg-icon-fe_phone kb-adv-heading-icon-side-left\"><svg viewBox=\"0 0 24 24\"  fill=\"none\" stroke=\"currentColor\" stroke-width=\"2\" stroke-linecap=\"round\" stroke-linejoin=\"round\" xmlns=\"http:\/\/www.w3.org\/2000\/svg\"  aria-hidden=\"true\"><path d=\"M22 16.92v3a2 2 0 0 1-2.18 2 19.79 19.79 0 0 1-8.63-3.07 19.5 19.5 0 0 1-6-6 19.79 19.79 0 0 1-3.07-8.67A2 2 0 0 1 4.11 2h3a2 2 0 0 1 2 1.72 12.84 12.84 0 0 0 .7 2.81 2 2 0 0 1-.45 2.11L8.09 9.91a16 16 0 0 0 6 6l1.27-1.27a2 2 0 0 1 2.11-.45 12.84 12.84 0 0 0 2.81.7A2 2 0 0 1 22 16.92z\"\/><\/svg><\/span><span class=\"kb-adv-text-inner\"><a href=\"tel:16316654392\" data-type=\"tel\" data-id=\"tel:16316654392\"><\/a><a href=\"tel:+16314468770\" data-type=\"tel\" data-id=\"tel:+16316654392\">(631) 446-8770<\/a><\/span><\/p><\/div><\/div>\n\n<\/div><\/div>\n\n\n<p><\/p>\n","protected":false},"excerpt":{"rendered":"<p>pol\u00edtica de privacidad En Quest Medical Care, su privacidad es importante para nosotros.Esta Pol\u00edtica de Privacidad describe c\u00f3mo recopilamos, usamos, divulgamos y protegemos su informaci\u00f3n personal y de salud, de conformidad con las leyes federales y estatales aplicables, incluida la Ley de Portabilidad y Responsabilidad del Seguro M\u00e9dico (HIPAA). 1. Informaci\u00f3n que recopilamos Podemos recopilar&#8230;<\/p>\n","protected":false},"author":1,"featured_media":0,"parent":0,"menu_order":0,"comment_status":"closed","ping_status":"open","template":"","meta":{"_kad_blocks_custom_css":"","_kad_blocks_head_custom_js":"","_kad_blocks_body_custom_js":"","_kad_blocks_footer_custom_js":"","_kad_post_transparent":"","_kad_post_title":"","_kad_post_layout":"","_kad_post_sidebar_id":"","_kad_post_content_style":"","_kad_post_vertical_padding":"","_kad_post_feature":"","_kad_post_feature_position":"","_kad_post_header":false,"_kad_post_footer":false,"_kad_post_classname":"","footnotes":""},"class_list":["post-2251","page","type-page","status-publish","hentry"],"taxonomy_info":[],"featured_image_src_large":false,"author_info":{"display_name":"Issac","author_link":"https:\/\/questbayshore.com\/es\/author\/seo-rankarrow\/"},"comment_info":0,"_links":{"self":[{"href":"https:\/\/questbayshore.com\/es\/wp-json\/wp\/v2\/pages\/2251","targetHints":{"allow":["GET"]}}],"collection":[{"href":"https:\/\/questbayshore.com\/es\/wp-json\/wp\/v2\/pages"}],"about":[{"href":"https:\/\/questbayshore.com\/es\/wp-json\/wp\/v2\/types\/page"}],"author":[{"embeddable":true,"href":"https:\/\/questbayshore.com\/es\/wp-json\/wp\/v2\/users\/1"}],"replies":[{"embeddable":true,"href":"https:\/\/questbayshore.com\/es\/wp-json\/wp\/v2\/comments?post=2251"}],"version-history":[{"count":2,"href":"https:\/\/questbayshore.com\/es\/wp-json\/wp\/v2\/pages\/2251\/revisions"}],"predecessor-version":[{"id":2337,"href":"https:\/\/questbayshore.com\/es\/wp-json\/wp\/v2\/pages\/2251\/revisions\/2337"}],"wp:attachment":[{"href":"https:\/\/questbayshore.com\/es\/wp-json\/wp\/v2\/media?parent=2251"}],"curies":[{"name":"wp","href":"https:\/\/api.w.org\/{rel}","templated":true}]}}